{"id":14872,"date":"2021-02-07T19:24:00","date_gmt":"2021-02-07T18:24:00","guid":{"rendered":"https:\/\/dev.d-s-photo.com\/legal-notice\/"},"modified":"2025-11-21T08:58:08","modified_gmt":"2025-11-21T07:58:08","slug":"legal-notice","status":"publish","type":"page","link":"https:\/\/www.d-s-photo.com\/en\/legal-notice\/","title":{"rendered":"Legal Notice"},"content":{"rendered":"\n<div style=\"height:20px\" aria-hidden=\"true\" class=\"wp-block-spacer\"><\/div>\n\n<h3 class=\"wp-block-heading\" id=\"h-daniel-schvarcz-diplom-fotograf\">Daniel Schvarcz, Certified Photographer<\/h3>\n\n<p>Rumfordstrasse 30<br\/>D &#8211; 80469 Munich<br\/>+49 163 3526191<br\/>+49 89 12190403<br\/>Value added tax identification number according to \u00a727 a Value Added Tax Act: DE223819316<\/p>\n\n<figure class=\"wp-block-image\"><img loading=\"lazy\" decoding=\"async\" width=\"139\" height=\"29\" src=\"https:\/\/www.d-s-photo.com\/wp-content\/uploads\/2016\/01\/web_email-1.png\" alt=\"web_email\" class=\"wp-image-3772\"\/><\/figure>\n\n<p>All content such as texts, <g id=\"gid_0\">images<\/g> and graphics are protected by copyright. The production of copies, the use of the contents, even in part, requires the writtenpermission of the author. \u00a9 1999-2022 Daniel Schvarcz.  <\/p>\n\n<h3 class=\"wp-block-heading\" id=\"h-haftungsausschluss-disclaimer\">Disclaimer<\/h3>\n\n<p>Liability for content: As a service provider, we are responsible for our own content on these pages in accordance with general laws pursuant to \u00a7 7 Para.1 TMG. According to \u00a7\u00a7 8 to 10 TMG, however, we as a service provider are not obliged to monitor transmitted or stored external information or to investigate circumstances that indicate illegal activity.<br\/>Obligations to remove or block the use of information according to general laws remain unaffected. However, liability in this regard is only possible from the point in time at which a concrete violation of the law becomes known. If we become aware of corresponding violations of the law, we will remove this content immediately. Liability for links: Our offer contains links to external websites of third parties, on whose content we have no influence. Therefore, we cannot assume any liability for this external content. The respective provider or operator of the pages is always responsible for the content of the linked pages. The linked pages were checked for possible legal violations at the time of linking. Illegal content was not recognizable at the time of linking.<br\/>However, a permanent control of the content of the linked pages is not reasonable without concrete evidence of a violation of the law. If we become aware of legal violations, we will remove such links immediately. Copyright: The content and works on these pages created by the site operators are subject to German copyright law. The duplication, processing, distribution and any kind of use outside the limits of copyright law require the written consent of the respective author or creator. Downloads and copies of this page are only permitted for private, non-commercial use.<br\/>As far as the content on this page was not created by the operator, the copyrights of third parties are respected. In particular, third-party content is identified as such. Should you nevertheless become aware of a copyright infringement, we ask that you inform us accordingly. If we become aware of legal violations, we will remove such content immediately.                <\/p>\n\n<p>Source: <em><a href=\"https:\/\/www.e-recht24.de\" target=\"_blank\" rel=\"noreferrer noopener\">eRecht24<\/a><\/em><\/p>\n","protected":false},"excerpt":{"rendered":"<p>Daniel Schvarcz, Certified Photographer Rumfordstrasse 30D &#8211; 80469 Munich+49 163 3526191+49 89 12190403Value added tax identification number according to \u00a727 [&#8230;]<\/p>\n","protected":false},"author":1,"featured_media":0,"parent":0,"menu_order":0,"comment_status":"closed","ping_status":"closed","template":"","meta":{"footnotes":""},"class_list":["post-14872","page","type-page","status-publish","hentry"],"yoast_head":"<!-- This site is optimized with the Yoast SEO plugin v27.3 - https:\/\/yoast.com\/product\/yoast-seo-wordpress\/ -->\n<title>Legal Notice - Daniel Schvarcz Fotograf<\/title>\n<meta name=\"description\" content=\"Imprint for Daniel Schvarcz Photography. All legal information clearly presented.\" \/>\n<meta name=\"robots\" content=\"index, follow, max-snippet:-1, max-image-preview:large, max-video-preview:-1\" \/>\n<link rel=\"canonical\" href=\"https:\/\/www.d-s-photo.com\/en\/legal-notice\/\" \/>\n<meta property=\"og:locale\" content=\"en_US\" \/>\n<meta property=\"og:type\" content=\"article\" \/>\n<meta property=\"og:title\" content=\"Legal Notice - Daniel Schvarcz Fotograf\" \/>\n<meta property=\"og:description\" content=\"Imprint for Daniel Schvarcz Photography. All legal information clearly presented.\" \/>\n<meta property=\"og:url\" content=\"https:\/\/www.d-s-photo.com\/en\/legal-notice\/\" \/>\n<meta property=\"og:site_name\" content=\"Daniel Schvarcz Fotograf\" \/>\n<meta property=\"article:publisher\" content=\"https:\/\/www.facebook.com\/danielschvarczphotography\" \/>\n<meta property=\"article:modified_time\" content=\"2025-11-21T07:58:08+00:00\" \/>\n<meta property=\"og:image\" content=\"https:\/\/www.d-s-photo.com\/wp-content\/uploads\/2016\/01\/web_email-1.png\" \/>\n<meta name=\"twitter:card\" content=\"summary_large_image\" \/>\n<meta name=\"twitter:label1\" content=\"Est. reading time\" \/>\n\t<meta name=\"twitter:data1\" content=\"2 minutes\" \/>\n<script type=\"application\/ld+json\" class=\"yoast-schema-graph\">{\"@context\":\"https:\\\/\\\/schema.org\",\"@graph\":[{\"@type\":\"WebPage\",\"@id\":\"https:\\\/\\\/www.d-s-photo.com\\\/en\\\/legal-notice\\\/\",\"url\":\"https:\\\/\\\/www.d-s-photo.com\\\/en\\\/legal-notice\\\/\",\"name\":\"Legal Notice - Daniel Schvarcz Fotograf\",\"isPartOf\":{\"@id\":\"https:\\\/\\\/www.d-s-photo.com\\\/en\\\/#website\"},\"primaryImageOfPage\":{\"@id\":\"https:\\\/\\\/www.d-s-photo.com\\\/en\\\/legal-notice\\\/#primaryimage\"},\"image\":{\"@id\":\"https:\\\/\\\/www.d-s-photo.com\\\/en\\\/legal-notice\\\/#primaryimage\"},\"thumbnailUrl\":\"https:\\\/\\\/www.d-s-photo.com\\\/wp-content\\\/uploads\\\/2016\\\/01\\\/web_email-1.png\",\"datePublished\":\"2021-02-07T18:24:00+00:00\",\"dateModified\":\"2025-11-21T07:58:08+00:00\",\"description\":\"Imprint for Daniel Schvarcz Photography. All legal information clearly presented.\",\"breadcrumb\":{\"@id\":\"https:\\\/\\\/www.d-s-photo.com\\\/en\\\/legal-notice\\\/#breadcrumb\"},\"inLanguage\":\"en-US\",\"potentialAction\":[{\"@type\":\"ReadAction\",\"target\":[\"https:\\\/\\\/www.d-s-photo.com\\\/en\\\/legal-notice\\\/\"]}]},{\"@type\":\"ImageObject\",\"inLanguage\":\"en-US\",\"@id\":\"https:\\\/\\\/www.d-s-photo.com\\\/en\\\/legal-notice\\\/#primaryimage\",\"url\":\"https:\\\/\\\/www.d-s-photo.com\\\/wp-content\\\/uploads\\\/2016\\\/01\\\/web_email-1.png\",\"contentUrl\":\"https:\\\/\\\/www.d-s-photo.com\\\/wp-content\\\/uploads\\\/2016\\\/01\\\/web_email-1.png\"},{\"@type\":\"BreadcrumbList\",\"@id\":\"https:\\\/\\\/www.d-s-photo.com\\\/en\\\/legal-notice\\\/#breadcrumb\",\"itemListElement\":[{\"@type\":\"ListItem\",\"position\":1,\"name\":\"Startseite\",\"item\":\"https:\\\/\\\/www.d-s-photo.com\\\/en\\\/\"},{\"@type\":\"ListItem\",\"position\":2,\"name\":\"Legal Notice\"}]},{\"@type\":\"WebSite\",\"@id\":\"https:\\\/\\\/www.d-s-photo.com\\\/en\\\/#website\",\"url\":\"https:\\\/\\\/www.d-s-photo.com\\\/en\\\/\",\"name\":\"Daniel Schvarcz Fotograf\",\"description\":\"Meine Schwerpunkte als Fotograf sind Architektur, Hotellerie, Food, Industrie, Business und Produkt Fotografie sowie klassische Werbefotografie.  \u00dcber die gesamte Bandbreite meiner Leistungen biete ich beste fotografische Qualit\u00e4t, abgestimmte Prozesse, exakte Timings und faire Konditionen. Eben ein professionelles Gesamtpaket f\u00fcr fotografische Herausforderungen im Bereich B2B.  Lassen Sie sich durch die Galerie inspirieren und unter 089-12190403 von mir direkt beraten.\",\"publisher\":{\"@id\":\"https:\\\/\\\/www.d-s-photo.com\\\/en\\\/#organization\"},\"potentialAction\":[{\"@type\":\"SearchAction\",\"target\":{\"@type\":\"EntryPoint\",\"urlTemplate\":\"https:\\\/\\\/www.d-s-photo.com\\\/en\\\/?s={search_term_string}\"},\"query-input\":{\"@type\":\"PropertyValueSpecification\",\"valueRequired\":true,\"valueName\":\"search_term_string\"}}],\"inLanguage\":\"en-US\"},{\"@type\":\"Organization\",\"@id\":\"https:\\\/\\\/www.d-s-photo.com\\\/en\\\/#organization\",\"name\":\"Daniel Schvarcz Photographie\",\"url\":\"https:\\\/\\\/www.d-s-photo.com\\\/en\\\/\",\"logo\":{\"@type\":\"ImageObject\",\"inLanguage\":\"en-US\",\"@id\":\"https:\\\/\\\/www.d-s-photo.com\\\/en\\\/#\\\/schema\\\/logo\\\/image\\\/\",\"url\":\"https:\\\/\\\/www.d-s-photo.com\\\/wp-content\\\/uploads\\\/2021\\\/12\\\/DS_Logo_2021.svg\",\"contentUrl\":\"https:\\\/\\\/www.d-s-photo.com\\\/wp-content\\\/uploads\\\/2021\\\/12\\\/DS_Logo_2021.svg\",\"width\":1,\"height\":1,\"caption\":\"Daniel Schvarcz Photographie\"},\"image\":{\"@id\":\"https:\\\/\\\/www.d-s-photo.com\\\/en\\\/#\\\/schema\\\/logo\\\/image\\\/\"},\"sameAs\":[\"https:\\\/\\\/www.facebook.com\\\/danielschvarczphotography\",\"https:\\\/\\\/www.instagram.com\\\/daniel.schvarcz.photography\\\/\",\"https:\\\/\\\/www.linkedin.com\\\/in\\\/daniel-schvarcz-99376018a\\\/\",\"https:\\\/\\\/www.youtube.com\\\/channel\\\/UCE5Ov4Zvczhte1ky-pDCJtw\"]}]}<\/script>\n<!-- \/ Yoast SEO plugin. -->","yoast_head_json":{"title":"Legal Notice - Daniel Schvarcz Fotograf","description":"Imprint for Daniel Schvarcz Photography. All legal information clearly presented.","robots":{"index":"index","follow":"follow","max-snippet":"max-snippet:-1","max-image-preview":"max-image-preview:large","max-video-preview":"max-video-preview:-1"},"canonical":"https:\/\/www.d-s-photo.com\/en\/legal-notice\/","og_locale":"en_US","og_type":"article","og_title":"Legal Notice - Daniel Schvarcz Fotograf","og_description":"Imprint for Daniel Schvarcz Photography. All legal information clearly presented.","og_url":"https:\/\/www.d-s-photo.com\/en\/legal-notice\/","og_site_name":"Daniel Schvarcz Fotograf","article_publisher":"https:\/\/www.facebook.com\/danielschvarczphotography","article_modified_time":"2025-11-21T07:58:08+00:00","og_image":[{"url":"https:\/\/www.d-s-photo.com\/wp-content\/uploads\/2016\/01\/web_email-1.png","type":"","width":"","height":""}],"twitter_card":"summary_large_image","twitter_misc":{"Est. reading time":"2 minutes"},"schema":{"@context":"https:\/\/schema.org","@graph":[{"@type":"WebPage","@id":"https:\/\/www.d-s-photo.com\/en\/legal-notice\/","url":"https:\/\/www.d-s-photo.com\/en\/legal-notice\/","name":"Legal Notice - Daniel Schvarcz Fotograf","isPartOf":{"@id":"https:\/\/www.d-s-photo.com\/en\/#website"},"primaryImageOfPage":{"@id":"https:\/\/www.d-s-photo.com\/en\/legal-notice\/#primaryimage"},"image":{"@id":"https:\/\/www.d-s-photo.com\/en\/legal-notice\/#primaryimage"},"thumbnailUrl":"https:\/\/www.d-s-photo.com\/wp-content\/uploads\/2016\/01\/web_email-1.png","datePublished":"2021-02-07T18:24:00+00:00","dateModified":"2025-11-21T07:58:08+00:00","description":"Imprint for Daniel Schvarcz Photography. All legal information clearly presented.","breadcrumb":{"@id":"https:\/\/www.d-s-photo.com\/en\/legal-notice\/#breadcrumb"},"inLanguage":"en-US","potentialAction":[{"@type":"ReadAction","target":["https:\/\/www.d-s-photo.com\/en\/legal-notice\/"]}]},{"@type":"ImageObject","inLanguage":"en-US","@id":"https:\/\/www.d-s-photo.com\/en\/legal-notice\/#primaryimage","url":"https:\/\/www.d-s-photo.com\/wp-content\/uploads\/2016\/01\/web_email-1.png","contentUrl":"https:\/\/www.d-s-photo.com\/wp-content\/uploads\/2016\/01\/web_email-1.png"},{"@type":"BreadcrumbList","@id":"https:\/\/www.d-s-photo.com\/en\/legal-notice\/#breadcrumb","itemListElement":[{"@type":"ListItem","position":1,"name":"Startseite","item":"https:\/\/www.d-s-photo.com\/en\/"},{"@type":"ListItem","position":2,"name":"Legal Notice"}]},{"@type":"WebSite","@id":"https:\/\/www.d-s-photo.com\/en\/#website","url":"https:\/\/www.d-s-photo.com\/en\/","name":"Daniel Schvarcz Fotograf","description":"Meine Schwerpunkte als Fotograf sind Architektur, Hotellerie, Food, Industrie, Business und Produkt Fotografie sowie klassische Werbefotografie.  \u00dcber die gesamte Bandbreite meiner Leistungen biete ich beste fotografische Qualit\u00e4t, abgestimmte Prozesse, exakte Timings und faire Konditionen. Eben ein professionelles Gesamtpaket f\u00fcr fotografische Herausforderungen im Bereich B2B.  Lassen Sie sich durch die Galerie inspirieren und unter 089-12190403 von mir direkt beraten.","publisher":{"@id":"https:\/\/www.d-s-photo.com\/en\/#organization"},"potentialAction":[{"@type":"SearchAction","target":{"@type":"EntryPoint","urlTemplate":"https:\/\/www.d-s-photo.com\/en\/?s={search_term_string}"},"query-input":{"@type":"PropertyValueSpecification","valueRequired":true,"valueName":"search_term_string"}}],"inLanguage":"en-US"},{"@type":"Organization","@id":"https:\/\/www.d-s-photo.com\/en\/#organization","name":"Daniel Schvarcz Photographie","url":"https:\/\/www.d-s-photo.com\/en\/","logo":{"@type":"ImageObject","inLanguage":"en-US","@id":"https:\/\/www.d-s-photo.com\/en\/#\/schema\/logo\/image\/","url":"https:\/\/www.d-s-photo.com\/wp-content\/uploads\/2021\/12\/DS_Logo_2021.svg","contentUrl":"https:\/\/www.d-s-photo.com\/wp-content\/uploads\/2021\/12\/DS_Logo_2021.svg","width":1,"height":1,"caption":"Daniel Schvarcz Photographie"},"image":{"@id":"https:\/\/www.d-s-photo.com\/en\/#\/schema\/logo\/image\/"},"sameAs":["https:\/\/www.facebook.com\/danielschvarczphotography","https:\/\/www.instagram.com\/daniel.schvarcz.photography\/","https:\/\/www.linkedin.com\/in\/daniel-schvarcz-99376018a\/","https:\/\/www.youtube.com\/channel\/UCE5Ov4Zvczhte1ky-pDCJtw"]}]}},"_links":{"self":[{"href":"https:\/\/www.d-s-photo.com\/en\/wp-json\/wp\/v2\/pages\/14872","targetHints":{"allow":["GET"]}}],"collection":[{"href":"https:\/\/www.d-s-photo.com\/en\/wp-json\/wp\/v2\/pages"}],"about":[{"href":"https:\/\/www.d-s-photo.com\/en\/wp-json\/wp\/v2\/types\/page"}],"author":[{"embeddable":true,"href":"https:\/\/www.d-s-photo.com\/en\/wp-json\/wp\/v2\/users\/1"}],"replies":[{"embeddable":true,"href":"https:\/\/www.d-s-photo.com\/en\/wp-json\/wp\/v2\/comments?post=14872"}],"version-history":[{"count":3,"href":"https:\/\/www.d-s-photo.com\/en\/wp-json\/wp\/v2\/pages\/14872\/revisions"}],"predecessor-version":[{"id":17360,"href":"https:\/\/www.d-s-photo.com\/en\/wp-json\/wp\/v2\/pages\/14872\/revisions\/17360"}],"wp:attachment":[{"href":"https:\/\/www.d-s-photo.com\/en\/wp-json\/wp\/v2\/media?parent=14872"}],"curies":[{"name":"wp","href":"https:\/\/api.w.org\/{rel}","templated":true}]}}