{"id":14904,"date":"2021-02-07T19:27:00","date_gmt":"2021-02-07T18:27:00","guid":{"rendered":"https:\/\/dev.d-s-photo.com\/contact\/"},"modified":"2025-11-13T09:51:51","modified_gmt":"2025-11-13T08:51:51","slug":"contact","status":"publish","type":"page","link":"https:\/\/www.d-s-photo.com\/en\/contact\/","title":{"rendered":"Contact"},"content":{"rendered":"<div class=\"wp-block-image is-style-default\">\n<figure class=\"aligncenter size-full\"><img loading=\"lazy\" decoding=\"async\" width=\"2000\" height=\"667\" src=\"https:\/\/www.d-s-photo.com\/wp-content\/uploads\/2024\/11\/Portrait_20241122_377_pp2.jpg\" alt=\"\" class=\"wp-image-14008\" style=\"object-fit:contain\" srcset=\"https:\/\/www.d-s-photo.com\/wp-content\/uploads\/2024\/11\/Portrait_20241122_377_pp2.jpg 2000w, https:\/\/www.d-s-photo.com\/wp-content\/uploads\/2024\/11\/Portrait_20241122_377_pp2-300x100.jpg 300w, https:\/\/www.d-s-photo.com\/wp-content\/uploads\/2024\/11\/Portrait_20241122_377_pp2-1024x342.jpg 1024w, https:\/\/www.d-s-photo.com\/wp-content\/uploads\/2024\/11\/Portrait_20241122_377_pp2-768x256.jpg 768w, https:\/\/www.d-s-photo.com\/wp-content\/uploads\/2024\/11\/Portrait_20241122_377_pp2-1536x512.jpg 1536w, https:\/\/www.d-s-photo.com\/wp-content\/uploads\/2024\/11\/Portrait_20241122_377_pp2-1920x640.jpg 1920w\" sizes=\"auto, (max-width: 2000px) 100vw, 2000px\" \/><\/figure>\n<\/div>\n\n\n<p><\/p>\n","protected":false},"excerpt":{"rendered":"<p> [&#8230;]<\/p>\n","protected":false},"author":1,"featured_media":0,"parent":0,"menu_order":0,"comment_status":"closed","ping_status":"closed","template":"page-templates\/fullwidth.php","meta":{"footnotes":""},"class_list":["post-14904","page","type-page","status-publish","hentry"],"yoast_head":"<!-- This site is optimized with the Yoast SEO plugin v27.3 - https:\/\/yoast.com\/product\/yoast-seo-wordpress\/ -->\n<title>Contact Form: Munich Photographer for Architecture, Corporate, Food, Products<\/title>\n<meta name=\"description\" content=\"Contact Form: Sophisticated, high-level photography for businesses. Coordinated processes, precise timings, and fair conditions.\" \/>\n<meta name=\"robots\" content=\"index, follow, max-snippet:-1, max-image-preview:large, max-video-preview:-1\" \/>\n<link rel=\"canonical\" href=\"https:\/\/www.d-s-photo.com\/en\/contact\/\" \/>\n<meta property=\"og:locale\" content=\"en_US\" \/>\n<meta property=\"og:type\" content=\"article\" \/>\n<meta property=\"og:title\" content=\"Contact Form: Munich Photographer for Architecture, Corporate, Food, Products\" \/>\n<meta property=\"og:description\" content=\"Contact Form: Sophisticated, high-level photography for businesses. Coordinated processes, precise timings, and fair conditions.\" \/>\n<meta property=\"og:url\" content=\"https:\/\/www.d-s-photo.com\/en\/contact\/\" \/>\n<meta property=\"og:site_name\" content=\"Daniel Schvarcz Fotograf\" \/>\n<meta property=\"article:publisher\" content=\"https:\/\/www.facebook.com\/danielschvarczphotography\" \/>\n<meta property=\"article:modified_time\" content=\"2025-11-13T08:51:51+00:00\" \/>\n<meta property=\"og:image\" content=\"https:\/\/www.d-s-photo.com\/wp-content\/uploads\/2024\/11\/Portrait_20241122_377_pp2.jpg\" \/>\n<meta name=\"twitter:card\" content=\"summary_large_image\" \/>\n<script type=\"application\/ld+json\" class=\"yoast-schema-graph\">{\"@context\":\"https:\\\/\\\/schema.org\",\"@graph\":[{\"@type\":\"WebPage\",\"@id\":\"https:\\\/\\\/www.d-s-photo.com\\\/en\\\/contact\\\/\",\"url\":\"https:\\\/\\\/www.d-s-photo.com\\\/en\\\/contact\\\/\",\"name\":\"Contact Form: Munich Photographer for Architecture, Corporate, Food, Products\",\"isPartOf\":{\"@id\":\"https:\\\/\\\/www.d-s-photo.com\\\/en\\\/#website\"},\"primaryImageOfPage\":{\"@id\":\"https:\\\/\\\/www.d-s-photo.com\\\/en\\\/contact\\\/#primaryimage\"},\"image\":{\"@id\":\"https:\\\/\\\/www.d-s-photo.com\\\/en\\\/contact\\\/#primaryimage\"},\"thumbnailUrl\":\"https:\\\/\\\/www.d-s-photo.com\\\/wp-content\\\/uploads\\\/2024\\\/11\\\/Portrait_20241122_377_pp2.jpg\",\"datePublished\":\"2021-02-07T18:27:00+00:00\",\"dateModified\":\"2025-11-13T08:51:51+00:00\",\"description\":\"Contact Form: Sophisticated, high-level photography for businesses. Coordinated processes, precise timings, and fair conditions.\",\"breadcrumb\":{\"@id\":\"https:\\\/\\\/www.d-s-photo.com\\\/en\\\/contact\\\/#breadcrumb\"},\"inLanguage\":\"en-US\",\"potentialAction\":[{\"@type\":\"ReadAction\",\"target\":[\"https:\\\/\\\/www.d-s-photo.com\\\/en\\\/contact\\\/\"]}]},{\"@type\":\"ImageObject\",\"inLanguage\":\"en-US\",\"@id\":\"https:\\\/\\\/www.d-s-photo.com\\\/en\\\/contact\\\/#primaryimage\",\"url\":\"https:\\\/\\\/www.d-s-photo.com\\\/wp-content\\\/uploads\\\/2024\\\/11\\\/Portrait_20241122_377_pp2.jpg\",\"contentUrl\":\"https:\\\/\\\/www.d-s-photo.com\\\/wp-content\\\/uploads\\\/2024\\\/11\\\/Portrait_20241122_377_pp2.jpg\"},{\"@type\":\"BreadcrumbList\",\"@id\":\"https:\\\/\\\/www.d-s-photo.com\\\/en\\\/contact\\\/#breadcrumb\",\"itemListElement\":[{\"@type\":\"ListItem\",\"position\":1,\"name\":\"Startseite\",\"item\":\"https:\\\/\\\/www.d-s-photo.com\\\/en\\\/\"},{\"@type\":\"ListItem\",\"position\":2,\"name\":\"Contact\"}]},{\"@type\":\"WebSite\",\"@id\":\"https:\\\/\\\/www.d-s-photo.com\\\/en\\\/#website\",\"url\":\"https:\\\/\\\/www.d-s-photo.com\\\/en\\\/\",\"name\":\"Daniel Schvarcz Fotograf\",\"description\":\"Meine Schwerpunkte als Fotograf sind Architektur, Hotellerie, Food, Industrie, Business und Produkt Fotografie sowie klassische Werbefotografie.  \u00dcber die gesamte Bandbreite meiner Leistungen biete ich beste fotografische Qualit\u00e4t, abgestimmte Prozesse, exakte Timings und faire Konditionen. Eben ein professionelles Gesamtpaket f\u00fcr fotografische Herausforderungen im Bereich B2B.  Lassen Sie sich durch die Galerie inspirieren und unter 089-12190403 von mir direkt beraten.\",\"publisher\":{\"@id\":\"https:\\\/\\\/www.d-s-photo.com\\\/en\\\/#organization\"},\"potentialAction\":[{\"@type\":\"SearchAction\",\"target\":{\"@type\":\"EntryPoint\",\"urlTemplate\":\"https:\\\/\\\/www.d-s-photo.com\\\/en\\\/?s={search_term_string}\"},\"query-input\":{\"@type\":\"PropertyValueSpecification\",\"valueRequired\":true,\"valueName\":\"search_term_string\"}}],\"inLanguage\":\"en-US\"},{\"@type\":\"Organization\",\"@id\":\"https:\\\/\\\/www.d-s-photo.com\\\/en\\\/#organization\",\"name\":\"Daniel Schvarcz Photographie\",\"url\":\"https:\\\/\\\/www.d-s-photo.com\\\/en\\\/\",\"logo\":{\"@type\":\"ImageObject\",\"inLanguage\":\"en-US\",\"@id\":\"https:\\\/\\\/www.d-s-photo.com\\\/en\\\/#\\\/schema\\\/logo\\\/image\\\/\",\"url\":\"https:\\\/\\\/www.d-s-photo.com\\\/wp-content\\\/uploads\\\/2021\\\/12\\\/DS_Logo_2021.svg\",\"contentUrl\":\"https:\\\/\\\/www.d-s-photo.com\\\/wp-content\\\/uploads\\\/2021\\\/12\\\/DS_Logo_2021.svg\",\"width\":1,\"height\":1,\"caption\":\"Daniel Schvarcz Photographie\"},\"image\":{\"@id\":\"https:\\\/\\\/www.d-s-photo.com\\\/en\\\/#\\\/schema\\\/logo\\\/image\\\/\"},\"sameAs\":[\"https:\\\/\\\/www.facebook.com\\\/danielschvarczphotography\",\"https:\\\/\\\/www.instagram.com\\\/daniel.schvarcz.photography\\\/\",\"https:\\\/\\\/www.linkedin.com\\\/in\\\/daniel-schvarcz-99376018a\\\/\",\"https:\\\/\\\/www.youtube.com\\\/channel\\\/UCE5Ov4Zvczhte1ky-pDCJtw\"]}]}<\/script>\n<!-- \/ Yoast SEO plugin. -->","yoast_head_json":{"title":"Contact Form: Munich Photographer for Architecture, Corporate, Food, Products","description":"Contact Form: Sophisticated, high-level photography for businesses. Coordinated processes, precise timings, and fair conditions.","robots":{"index":"index","follow":"follow","max-snippet":"max-snippet:-1","max-image-preview":"max-image-preview:large","max-video-preview":"max-video-preview:-1"},"canonical":"https:\/\/www.d-s-photo.com\/en\/contact\/","og_locale":"en_US","og_type":"article","og_title":"Contact Form: Munich Photographer for Architecture, Corporate, Food, Products","og_description":"Contact Form: Sophisticated, high-level photography for businesses. Coordinated processes, precise timings, and fair conditions.","og_url":"https:\/\/www.d-s-photo.com\/en\/contact\/","og_site_name":"Daniel Schvarcz Fotograf","article_publisher":"https:\/\/www.facebook.com\/danielschvarczphotography","article_modified_time":"2025-11-13T08:51:51+00:00","og_image":[{"url":"https:\/\/www.d-s-photo.com\/wp-content\/uploads\/2024\/11\/Portrait_20241122_377_pp2.jpg","type":"","width":"","height":""}],"twitter_card":"summary_large_image","schema":{"@context":"https:\/\/schema.org","@graph":[{"@type":"WebPage","@id":"https:\/\/www.d-s-photo.com\/en\/contact\/","url":"https:\/\/www.d-s-photo.com\/en\/contact\/","name":"Contact Form: Munich Photographer for Architecture, Corporate, Food, Products","isPartOf":{"@id":"https:\/\/www.d-s-photo.com\/en\/#website"},"primaryImageOfPage":{"@id":"https:\/\/www.d-s-photo.com\/en\/contact\/#primaryimage"},"image":{"@id":"https:\/\/www.d-s-photo.com\/en\/contact\/#primaryimage"},"thumbnailUrl":"https:\/\/www.d-s-photo.com\/wp-content\/uploads\/2024\/11\/Portrait_20241122_377_pp2.jpg","datePublished":"2021-02-07T18:27:00+00:00","dateModified":"2025-11-13T08:51:51+00:00","description":"Contact Form: Sophisticated, high-level photography for businesses. Coordinated processes, precise timings, and fair conditions.","breadcrumb":{"@id":"https:\/\/www.d-s-photo.com\/en\/contact\/#breadcrumb"},"inLanguage":"en-US","potentialAction":[{"@type":"ReadAction","target":["https:\/\/www.d-s-photo.com\/en\/contact\/"]}]},{"@type":"ImageObject","inLanguage":"en-US","@id":"https:\/\/www.d-s-photo.com\/en\/contact\/#primaryimage","url":"https:\/\/www.d-s-photo.com\/wp-content\/uploads\/2024\/11\/Portrait_20241122_377_pp2.jpg","contentUrl":"https:\/\/www.d-s-photo.com\/wp-content\/uploads\/2024\/11\/Portrait_20241122_377_pp2.jpg"},{"@type":"BreadcrumbList","@id":"https:\/\/www.d-s-photo.com\/en\/contact\/#breadcrumb","itemListElement":[{"@type":"ListItem","position":1,"name":"Startseite","item":"https:\/\/www.d-s-photo.com\/en\/"},{"@type":"ListItem","position":2,"name":"Contact"}]},{"@type":"WebSite","@id":"https:\/\/www.d-s-photo.com\/en\/#website","url":"https:\/\/www.d-s-photo.com\/en\/","name":"Daniel Schvarcz Fotograf","description":"Meine Schwerpunkte als Fotograf sind Architektur, Hotellerie, Food, Industrie, Business und Produkt Fotografie sowie klassische Werbefotografie.  \u00dcber die gesamte Bandbreite meiner Leistungen biete ich beste fotografische Qualit\u00e4t, abgestimmte Prozesse, exakte Timings und faire Konditionen. Eben ein professionelles Gesamtpaket f\u00fcr fotografische Herausforderungen im Bereich B2B.  Lassen Sie sich durch die Galerie inspirieren und unter 089-12190403 von mir direkt beraten.","publisher":{"@id":"https:\/\/www.d-s-photo.com\/en\/#organization"},"potentialAction":[{"@type":"SearchAction","target":{"@type":"EntryPoint","urlTemplate":"https:\/\/www.d-s-photo.com\/en\/?s={search_term_string}"},"query-input":{"@type":"PropertyValueSpecification","valueRequired":true,"valueName":"search_term_string"}}],"inLanguage":"en-US"},{"@type":"Organization","@id":"https:\/\/www.d-s-photo.com\/en\/#organization","name":"Daniel Schvarcz Photographie","url":"https:\/\/www.d-s-photo.com\/en\/","logo":{"@type":"ImageObject","inLanguage":"en-US","@id":"https:\/\/www.d-s-photo.com\/en\/#\/schema\/logo\/image\/","url":"https:\/\/www.d-s-photo.com\/wp-content\/uploads\/2021\/12\/DS_Logo_2021.svg","contentUrl":"https:\/\/www.d-s-photo.com\/wp-content\/uploads\/2021\/12\/DS_Logo_2021.svg","width":1,"height":1,"caption":"Daniel Schvarcz Photographie"},"image":{"@id":"https:\/\/www.d-s-photo.com\/en\/#\/schema\/logo\/image\/"},"sameAs":["https:\/\/www.facebook.com\/danielschvarczphotography","https:\/\/www.instagram.com\/daniel.schvarcz.photography\/","https:\/\/www.linkedin.com\/in\/daniel-schvarcz-99376018a\/","https:\/\/www.youtube.com\/channel\/UCE5Ov4Zvczhte1ky-pDCJtw"]}]}},"_links":{"self":[{"href":"https:\/\/www.d-s-photo.com\/en\/wp-json\/wp\/v2\/pages\/14904","targetHints":{"allow":["GET"]}}],"collection":[{"href":"https:\/\/www.d-s-photo.com\/en\/wp-json\/wp\/v2\/pages"}],"about":[{"href":"https:\/\/www.d-s-photo.com\/en\/wp-json\/wp\/v2\/types\/page"}],"author":[{"embeddable":true,"href":"https:\/\/www.d-s-photo.com\/en\/wp-json\/wp\/v2\/users\/1"}],"replies":[{"embeddable":true,"href":"https:\/\/www.d-s-photo.com\/en\/wp-json\/wp\/v2\/comments?post=14904"}],"version-history":[{"count":1,"href":"https:\/\/www.d-s-photo.com\/en\/wp-json\/wp\/v2\/pages\/14904\/revisions"}],"predecessor-version":[{"id":14908,"href":"https:\/\/www.d-s-photo.com\/en\/wp-json\/wp\/v2\/pages\/14904\/revisions\/14908"}],"wp:attachment":[{"href":"https:\/\/www.d-s-photo.com\/en\/wp-json\/wp\/v2\/media?parent=14904"}],"curies":[{"name":"wp","href":"https:\/\/api.w.org\/{rel}","templated":true}]}}