{"id":14917,"date":"2022-01-25T11:19:17","date_gmt":"2022-01-25T10:19:17","guid":{"rendered":"https:\/\/dev.d-s-photo.com\/treedom\/"},"modified":"2025-11-13T09:51:59","modified_gmt":"2025-11-13T08:51:59","slug":"treedom","status":"publish","type":"page","link":"https:\/\/www.d-s-photo.com\/en\/treedom\/","title":{"rendered":"Treedom"},"content":{"rendered":"\n<h4 class=\"has-text-align-left wp-block-heading\" id=\"h-werden-sie-teil-unseres-okologisch-sozialen-engagements\"><meta charset=\"utf-8\"\/>Become Part of our Eco-Social Commitment. <\/h4>\n\n<h4 class=\"wp-block-heading\" id=\"h-fur-jeden-tag-fotografie-pflanzen-wir-einen-baum-fur-sie\">FOR EVERY DAY OF PHOTOGRAPHY, WE PLANT A TREE FOR YOU!<\/h4>\n\n<div style=\"height:20px\" aria-hidden=\"true\" class=\"wp-block-spacer\"><\/div>\n\n<p>&#8220;Not only as a photographer, but also as a member of our society, I strive to look beyond my own horizon and get involved. Treedom&#8217;s concept convinced me: It creates sustainable ecosystems in various regions of the world and supports small farmers in planting new trees \u2013 with the goal of creating sustainable jobs, fair incomes, and long-term food security.&#8221; Daniel Schvarcz <\/p>\n\n<div style=\"height:20px\" aria-hidden=\"true\" class=\"wp-block-spacer\"><\/div>\n\n<div class=\"wp-block-media-text alignwide is-stacked-on-mobile is-image-fill\" style=\"grid-template-columns:30% auto\"><figure class=\"wp-block-media-text__media\" style=\"background-image:url(https:\/\/www.d-s-photo.com\/wp-content\/uploads\/2022\/01\/Farmer-3-1024x1024.jpg);background-position:50% 50%\"><img loading=\"lazy\" decoding=\"async\" width=\"1024\" height=\"1024\" src=\"https:\/\/www.d-s-photo.com\/wp-content\/uploads\/2022\/01\/Farmer-3-1024x1024.jpg\" alt=\"Treedom \" class=\"wp-image-9585 size-full\" srcset=\"https:\/\/www.d-s-photo.com\/wp-content\/uploads\/2022\/01\/Farmer-3-1024x1024.jpg 1024w, https:\/\/www.d-s-photo.com\/wp-content\/uploads\/2022\/01\/Farmer-3-300x300.jpg 300w, https:\/\/www.d-s-photo.com\/wp-content\/uploads\/2022\/01\/Farmer-3-150x150.jpg 150w, https:\/\/www.d-s-photo.com\/wp-content\/uploads\/2022\/01\/Farmer-3-768x768.jpg 768w, https:\/\/www.d-s-photo.com\/wp-content\/uploads\/2022\/01\/Farmer-3-1536x1536.jpg 1536w, https:\/\/www.d-s-photo.com\/wp-content\/uploads\/2022\/01\/Farmer-3-2048x2048.jpg 2048w, https:\/\/www.d-s-photo.com\/wp-content\/uploads\/2022\/01\/Farmer-3-1920x1920.jpg 1920w, https:\/\/www.d-s-photo.com\/wp-content\/uploads\/2022\/01\/Farmer-3-500x500.jpg 500w, https:\/\/www.d-s-photo.com\/wp-content\/uploads\/2022\/01\/Farmer-3-90x90.jpg 90w\" sizes=\"auto, (max-width: 1024px) 100vw, 1024px\" \/><\/figure><div class=\"wp-block-media-text__content\">\n<p class=\"has-black-color has-text-color\">Treedom is the first website that makes it possible to plant a tree remotely and follow the story of the project where it is planted. Every tree is geolocated and photographed, and regular updates about the project are published in an online tree diary. <\/p>\n\n\n\n<p class=\"has-black-color has-text-color\">Since its founding in 2010 in Florence, nearly 3,000,000 trees have been planted in Africa, Latin America, Asia, and Italy. All trees are planted directly by local small farmers and bring a variety of ecological, social, and economic benefits.  <\/p>\n\n\n\n<p class=\"has-black-color has-text-color\">Thanks to this innovative social business model, Treedom has been part of Certified B Corporations since 2014, the network of companies distinguished by their high ecological and social performance.<\/p>\n\n\n\n<p class=\"has-black-color has-text-color\">Every tree receives its own online profile, is geolocated and photographed, and can be gifted via message or email. Thanks to this type of storytelling, Treedom trees create a lasting connection between people and enable companies to commit to protecting the environment and the communities living there. <\/p>\n<\/div><\/div>\n\n<div style=\"height:70px\" aria-hidden=\"true\" class=\"wp-block-spacer\"><\/div>\n\n<h4 class=\"has-text-align-left wp-block-heading\" id=\"h-ihre-vorteile-mit-treedom-und-daniel-schvarcz-photography\">Your Benefits with Treedom and Daniel Schvarcz Photography<\/h4>\n\n<div style=\"height:20px\" aria-hidden=\"true\" class=\"wp-block-spacer\"><\/div>\n\n<div class=\"wp-block-media-text alignwide has-media-on-the-right is-stacked-on-mobile is-image-fill\" style=\"grid-template-columns:auto 30%\"><figure class=\"wp-block-media-text__media\" style=\"background-image:url(https:\/\/www.d-s-photo.com\/wp-content\/uploads\/2022\/01\/treedomkenya74-2017-copia-1024x1024.jpg);background-position:50% 50%\"><img loading=\"lazy\" decoding=\"async\" width=\"1024\" height=\"1024\" src=\"https:\/\/www.d-s-photo.com\/wp-content\/uploads\/2022\/01\/treedomkenya74-2017-copia-1024x1024.jpg\" alt=\"Treedom\" class=\"wp-image-9591 size-full\" srcset=\"https:\/\/www.d-s-photo.com\/wp-content\/uploads\/2022\/01\/treedomkenya74-2017-copia-1024x1024.jpg 1024w, https:\/\/www.d-s-photo.com\/wp-content\/uploads\/2022\/01\/treedomkenya74-2017-copia-300x300.jpg 300w, https:\/\/www.d-s-photo.com\/wp-content\/uploads\/2022\/01\/treedomkenya74-2017-copia-150x150.jpg 150w, https:\/\/www.d-s-photo.com\/wp-content\/uploads\/2022\/01\/treedomkenya74-2017-copia-768x768.jpg 768w, https:\/\/www.d-s-photo.com\/wp-content\/uploads\/2022\/01\/treedomkenya74-2017-copia-1536x1536.jpg 1536w, https:\/\/www.d-s-photo.com\/wp-content\/uploads\/2022\/01\/treedomkenya74-2017-copia-2048x2048.jpg 2048w, https:\/\/www.d-s-photo.com\/wp-content\/uploads\/2022\/01\/treedomkenya74-2017-copia-1920x1920.jpg 1920w, https:\/\/www.d-s-photo.com\/wp-content\/uploads\/2022\/01\/treedomkenya74-2017-copia-500x500.jpg 500w, https:\/\/www.d-s-photo.com\/wp-content\/uploads\/2022\/01\/treedomkenya74-2017-copia-90x90.jpg 90w\" sizes=\"auto, (max-width: 1024px) 100vw, 1024px\" \/><\/figure><div class=\"wp-block-media-text__content\">\n<p>Treedom is the only platform worldwide that makes it possible to plant a tree remotely and follow it online. All trees are planted directly by small farmers and result in ecological and social benefits for their communities.  <\/p>\n\n\n\n<p>To ensure participation, transparency, and visibility, every planted tree is photographed, geolocated, and presented on its own profile page \u2013 because every tree has its own story. Through regular updates, you stay informed and learn how tree planting works on site. <\/p>\n\n\n\n<p>Your tree is planted, geolocated, and photographed by a small farmer. You can follow its story on <a href=\"https:\/\/www.treedom.net\/de\/organization\/daniel-schvarcz-photography\" target=\"_blank\" rel=\"noreferrer noopener\">treedom.net<\/a>, learn everything about its characteristics and significance, personalize it by giving it a name, and much more. <\/p>\n\n\n\n<p>Plant your personal tree. Simply visit <a href=\"http:\/\/www.treedom.net\/deinbaum\" target=\"_blank\" rel=\"noreferrer noopener\">www.treedom.net\/deinbaum<\/a>, where you can activate your tree code and choose your favorite tree. <\/p>\n\n\n\n<p>Our partner Treedom directly finances small agroforestry projects in various regions of the world. Treedom&#8217;s mission is to create sustainable ecosystems and support thousands of small farmers with seed funding for planting new trees.  <\/p>\n\n\n\n<p>The fruits of the trees benefit the small farmers, their families, and the local communities. In this way, sustainable jobs, fair incomes, and long-term food security are created. <\/p>\n\n\n\n<p>With Treedom, we finance and support small farmers in caring for the trees during their first years of life until they bear fruit. Treedom provides the small farmers with the necessary know-how and offers technical support for planting and caring for the trees. <\/p>\n<\/div><\/div>\n\n<div class=\"wp-block-columns is-layout-flex wp-container-core-columns-is-layout-9d6595d7 wp-block-columns-is-layout-flex\">\n<div class=\"wp-block-column is-layout-flow wp-block-column-is-layout-flow\" style=\"flex-basis:100%\"><\/div>\n<\/div>\n","protected":false},"excerpt":{"rendered":"<p>Become Part of our Eco-Social Commitment. FOR EVERY DAY OF PHOTOGRAPHY, WE PLANT A TREE FOR YOU! &#8220;Not only as [&#8230;]<\/p>\n","protected":false},"author":1,"featured_media":0,"parent":0,"menu_order":1,"comment_status":"closed","ping_status":"closed","template":"","meta":{"footnotes":""},"class_list":["post-14917","page","type-page","status-publish","hentry"],"yoast_head":"<!-- This site is optimized with the Yoast SEO plugin v27.3 - https:\/\/yoast.com\/product\/yoast-seo-wordpress\/ -->\n<title>In Cooperation with Treedom, Trees are Planted for our Clients.<\/title>\n<meta name=\"description\" content=\"Treedom&#039;s mission is to create sustainable ecosystems and support thousands of small farmers in planting new trees.\" \/>\n<meta name=\"robots\" content=\"index, follow, max-snippet:-1, max-image-preview:large, max-video-preview:-1\" \/>\n<link rel=\"canonical\" href=\"https:\/\/www.d-s-photo.com\/en\/treedom\/\" \/>\n<meta property=\"og:locale\" content=\"en_US\" \/>\n<meta property=\"og:type\" content=\"article\" \/>\n<meta property=\"og:title\" content=\"In Cooperation with Treedom, Trees are Planted for our Clients.\" \/>\n<meta property=\"og:description\" content=\"Treedom&#039;s mission is to create sustainable ecosystems and support thousands of small farmers in planting new trees.\" \/>\n<meta property=\"og:url\" content=\"https:\/\/www.d-s-photo.com\/en\/treedom\/\" \/>\n<meta property=\"og:site_name\" content=\"Daniel Schvarcz Fotograf\" \/>\n<meta property=\"article:publisher\" content=\"https:\/\/www.facebook.com\/danielschvarczphotography\" \/>\n<meta property=\"article:modified_time\" content=\"2025-11-13T08:51:59+00:00\" \/>\n<meta property=\"og:image\" content=\"https:\/\/www.d-s-photo.com\/wp-content\/uploads\/2022\/01\/Farmer-3-1024x1024.jpg\" \/>\n<meta name=\"twitter:card\" content=\"summary_large_image\" \/>\n<meta name=\"twitter:label1\" content=\"Est. reading time\" \/>\n\t<meta name=\"twitter:data1\" content=\"2 minutes\" \/>\n<script type=\"application\/ld+json\" class=\"yoast-schema-graph\">{\"@context\":\"https:\\\/\\\/schema.org\",\"@graph\":[{\"@type\":\"WebPage\",\"@id\":\"https:\\\/\\\/www.d-s-photo.com\\\/en\\\/treedom\\\/\",\"url\":\"https:\\\/\\\/www.d-s-photo.com\\\/en\\\/treedom\\\/\",\"name\":\"In Cooperation with Treedom, Trees are Planted for our Clients.\",\"isPartOf\":{\"@id\":\"https:\\\/\\\/www.d-s-photo.com\\\/en\\\/#website\"},\"primaryImageOfPage\":{\"@id\":\"https:\\\/\\\/www.d-s-photo.com\\\/en\\\/treedom\\\/#primaryimage\"},\"image\":{\"@id\":\"https:\\\/\\\/www.d-s-photo.com\\\/en\\\/treedom\\\/#primaryimage\"},\"thumbnailUrl\":\"https:\\\/\\\/www.d-s-photo.com\\\/wp-content\\\/uploads\\\/2022\\\/01\\\/Farmer-3-1024x1024.jpg\",\"datePublished\":\"2022-01-25T10:19:17+00:00\",\"dateModified\":\"2025-11-13T08:51:59+00:00\",\"description\":\"Treedom's mission is to create sustainable ecosystems and support thousands of small farmers in planting new trees.\",\"breadcrumb\":{\"@id\":\"https:\\\/\\\/www.d-s-photo.com\\\/en\\\/treedom\\\/#breadcrumb\"},\"inLanguage\":\"en-US\",\"potentialAction\":[{\"@type\":\"ReadAction\",\"target\":[\"https:\\\/\\\/www.d-s-photo.com\\\/en\\\/treedom\\\/\"]}]},{\"@type\":\"ImageObject\",\"inLanguage\":\"en-US\",\"@id\":\"https:\\\/\\\/www.d-s-photo.com\\\/en\\\/treedom\\\/#primaryimage\",\"url\":\"https:\\\/\\\/www.d-s-photo.com\\\/wp-content\\\/uploads\\\/2022\\\/01\\\/Farmer-3-1024x1024.jpg\",\"contentUrl\":\"https:\\\/\\\/www.d-s-photo.com\\\/wp-content\\\/uploads\\\/2022\\\/01\\\/Farmer-3-1024x1024.jpg\"},{\"@type\":\"BreadcrumbList\",\"@id\":\"https:\\\/\\\/www.d-s-photo.com\\\/en\\\/treedom\\\/#breadcrumb\",\"itemListElement\":[{\"@type\":\"ListItem\",\"position\":1,\"name\":\"Startseite\",\"item\":\"https:\\\/\\\/www.d-s-photo.com\\\/en\\\/\"},{\"@type\":\"ListItem\",\"position\":2,\"name\":\"Treedom\"}]},{\"@type\":\"WebSite\",\"@id\":\"https:\\\/\\\/www.d-s-photo.com\\\/en\\\/#website\",\"url\":\"https:\\\/\\\/www.d-s-photo.com\\\/en\\\/\",\"name\":\"Daniel Schvarcz Fotograf\",\"description\":\"Meine Schwerpunkte als Fotograf sind Architektur, Hotellerie, Food, Industrie, Business und Produkt Fotografie sowie klassische Werbefotografie.  \u00dcber die gesamte Bandbreite meiner Leistungen biete ich beste fotografische Qualit\u00e4t, abgestimmte Prozesse, exakte Timings und faire Konditionen. Eben ein professionelles Gesamtpaket f\u00fcr fotografische Herausforderungen im Bereich B2B.  Lassen Sie sich durch die Galerie inspirieren und unter 089-12190403 von mir direkt beraten.\",\"publisher\":{\"@id\":\"https:\\\/\\\/www.d-s-photo.com\\\/en\\\/#organization\"},\"potentialAction\":[{\"@type\":\"SearchAction\",\"target\":{\"@type\":\"EntryPoint\",\"urlTemplate\":\"https:\\\/\\\/www.d-s-photo.com\\\/en\\\/?s={search_term_string}\"},\"query-input\":{\"@type\":\"PropertyValueSpecification\",\"valueRequired\":true,\"valueName\":\"search_term_string\"}}],\"inLanguage\":\"en-US\"},{\"@type\":\"Organization\",\"@id\":\"https:\\\/\\\/www.d-s-photo.com\\\/en\\\/#organization\",\"name\":\"Daniel Schvarcz Photographie\",\"url\":\"https:\\\/\\\/www.d-s-photo.com\\\/en\\\/\",\"logo\":{\"@type\":\"ImageObject\",\"inLanguage\":\"en-US\",\"@id\":\"https:\\\/\\\/www.d-s-photo.com\\\/en\\\/#\\\/schema\\\/logo\\\/image\\\/\",\"url\":\"https:\\\/\\\/www.d-s-photo.com\\\/wp-content\\\/uploads\\\/2021\\\/12\\\/DS_Logo_2021.svg\",\"contentUrl\":\"https:\\\/\\\/www.d-s-photo.com\\\/wp-content\\\/uploads\\\/2021\\\/12\\\/DS_Logo_2021.svg\",\"width\":1,\"height\":1,\"caption\":\"Daniel Schvarcz Photographie\"},\"image\":{\"@id\":\"https:\\\/\\\/www.d-s-photo.com\\\/en\\\/#\\\/schema\\\/logo\\\/image\\\/\"},\"sameAs\":[\"https:\\\/\\\/www.facebook.com\\\/danielschvarczphotography\",\"https:\\\/\\\/www.instagram.com\\\/daniel.schvarcz.photography\\\/\",\"https:\\\/\\\/www.linkedin.com\\\/in\\\/daniel-schvarcz-99376018a\\\/\",\"https:\\\/\\\/www.youtube.com\\\/channel\\\/UCE5Ov4Zvczhte1ky-pDCJtw\"]}]}<\/script>\n<!-- \/ Yoast SEO plugin. -->","yoast_head_json":{"title":"In Cooperation with Treedom, Trees are Planted for our Clients.","description":"Treedom's mission is to create sustainable ecosystems and support thousands of small farmers in planting new trees.","robots":{"index":"index","follow":"follow","max-snippet":"max-snippet:-1","max-image-preview":"max-image-preview:large","max-video-preview":"max-video-preview:-1"},"canonical":"https:\/\/www.d-s-photo.com\/en\/treedom\/","og_locale":"en_US","og_type":"article","og_title":"In Cooperation with Treedom, Trees are Planted for our Clients.","og_description":"Treedom's mission is to create sustainable ecosystems and support thousands of small farmers in planting new trees.","og_url":"https:\/\/www.d-s-photo.com\/en\/treedom\/","og_site_name":"Daniel Schvarcz Fotograf","article_publisher":"https:\/\/www.facebook.com\/danielschvarczphotography","article_modified_time":"2025-11-13T08:51:59+00:00","og_image":[{"url":"https:\/\/www.d-s-photo.com\/wp-content\/uploads\/2022\/01\/Farmer-3-1024x1024.jpg","type":"","width":"","height":""}],"twitter_card":"summary_large_image","twitter_misc":{"Est. reading time":"2 minutes"},"schema":{"@context":"https:\/\/schema.org","@graph":[{"@type":"WebPage","@id":"https:\/\/www.d-s-photo.com\/en\/treedom\/","url":"https:\/\/www.d-s-photo.com\/en\/treedom\/","name":"In Cooperation with Treedom, Trees are Planted for our Clients.","isPartOf":{"@id":"https:\/\/www.d-s-photo.com\/en\/#website"},"primaryImageOfPage":{"@id":"https:\/\/www.d-s-photo.com\/en\/treedom\/#primaryimage"},"image":{"@id":"https:\/\/www.d-s-photo.com\/en\/treedom\/#primaryimage"},"thumbnailUrl":"https:\/\/www.d-s-photo.com\/wp-content\/uploads\/2022\/01\/Farmer-3-1024x1024.jpg","datePublished":"2022-01-25T10:19:17+00:00","dateModified":"2025-11-13T08:51:59+00:00","description":"Treedom's mission is to create sustainable ecosystems and support thousands of small farmers in planting new trees.","breadcrumb":{"@id":"https:\/\/www.d-s-photo.com\/en\/treedom\/#breadcrumb"},"inLanguage":"en-US","potentialAction":[{"@type":"ReadAction","target":["https:\/\/www.d-s-photo.com\/en\/treedom\/"]}]},{"@type":"ImageObject","inLanguage":"en-US","@id":"https:\/\/www.d-s-photo.com\/en\/treedom\/#primaryimage","url":"https:\/\/www.d-s-photo.com\/wp-content\/uploads\/2022\/01\/Farmer-3-1024x1024.jpg","contentUrl":"https:\/\/www.d-s-photo.com\/wp-content\/uploads\/2022\/01\/Farmer-3-1024x1024.jpg"},{"@type":"BreadcrumbList","@id":"https:\/\/www.d-s-photo.com\/en\/treedom\/#breadcrumb","itemListElement":[{"@type":"ListItem","position":1,"name":"Startseite","item":"https:\/\/www.d-s-photo.com\/en\/"},{"@type":"ListItem","position":2,"name":"Treedom"}]},{"@type":"WebSite","@id":"https:\/\/www.d-s-photo.com\/en\/#website","url":"https:\/\/www.d-s-photo.com\/en\/","name":"Daniel Schvarcz Fotograf","description":"Meine Schwerpunkte als Fotograf sind Architektur, Hotellerie, Food, Industrie, Business und Produkt Fotografie sowie klassische Werbefotografie.  \u00dcber die gesamte Bandbreite meiner Leistungen biete ich beste fotografische Qualit\u00e4t, abgestimmte Prozesse, exakte Timings und faire Konditionen. Eben ein professionelles Gesamtpaket f\u00fcr fotografische Herausforderungen im Bereich B2B.  Lassen Sie sich durch die Galerie inspirieren und unter 089-12190403 von mir direkt beraten.","publisher":{"@id":"https:\/\/www.d-s-photo.com\/en\/#organization"},"potentialAction":[{"@type":"SearchAction","target":{"@type":"EntryPoint","urlTemplate":"https:\/\/www.d-s-photo.com\/en\/?s={search_term_string}"},"query-input":{"@type":"PropertyValueSpecification","valueRequired":true,"valueName":"search_term_string"}}],"inLanguage":"en-US"},{"@type":"Organization","@id":"https:\/\/www.d-s-photo.com\/en\/#organization","name":"Daniel Schvarcz Photographie","url":"https:\/\/www.d-s-photo.com\/en\/","logo":{"@type":"ImageObject","inLanguage":"en-US","@id":"https:\/\/www.d-s-photo.com\/en\/#\/schema\/logo\/image\/","url":"https:\/\/www.d-s-photo.com\/wp-content\/uploads\/2021\/12\/DS_Logo_2021.svg","contentUrl":"https:\/\/www.d-s-photo.com\/wp-content\/uploads\/2021\/12\/DS_Logo_2021.svg","width":1,"height":1,"caption":"Daniel Schvarcz Photographie"},"image":{"@id":"https:\/\/www.d-s-photo.com\/en\/#\/schema\/logo\/image\/"},"sameAs":["https:\/\/www.facebook.com\/danielschvarczphotography","https:\/\/www.instagram.com\/daniel.schvarcz.photography\/","https:\/\/www.linkedin.com\/in\/daniel-schvarcz-99376018a\/","https:\/\/www.youtube.com\/channel\/UCE5Ov4Zvczhte1ky-pDCJtw"]}]}},"_links":{"self":[{"href":"https:\/\/www.d-s-photo.com\/en\/wp-json\/wp\/v2\/pages\/14917","targetHints":{"allow":["GET"]}}],"collection":[{"href":"https:\/\/www.d-s-photo.com\/en\/wp-json\/wp\/v2\/pages"}],"about":[{"href":"https:\/\/www.d-s-photo.com\/en\/wp-json\/wp\/v2\/types\/page"}],"author":[{"embeddable":true,"href":"https:\/\/www.d-s-photo.com\/en\/wp-json\/wp\/v2\/users\/1"}],"replies":[{"embeddable":true,"href":"https:\/\/www.d-s-photo.com\/en\/wp-json\/wp\/v2\/comments?post=14917"}],"version-history":[{"count":1,"href":"https:\/\/www.d-s-photo.com\/en\/wp-json\/wp\/v2\/pages\/14917\/revisions"}],"predecessor-version":[{"id":14919,"href":"https:\/\/www.d-s-photo.com\/en\/wp-json\/wp\/v2\/pages\/14917\/revisions\/14919"}],"wp:attachment":[{"href":"https:\/\/www.d-s-photo.com\/en\/wp-json\/wp\/v2\/media?parent=14917"}],"curies":[{"name":"wp","href":"https:\/\/api.w.org\/{rel}","templated":true}]}}