{"id":15006,"date":"2016-01-19T11:01:57","date_gmt":"2016-01-19T10:01:57","guid":{"rendered":"https:\/\/dev.d-s-photo.com\/daniel-schvarcz-advertising-photographer-munich\/"},"modified":"2025-11-13T09:51:51","modified_gmt":"2025-11-13T08:51:51","slug":"daniel-schvarcz-advertising-photographer-munich","status":"publish","type":"page","link":"https:\/\/www.d-s-photo.com\/en\/daniel-schvarcz-advertising-photographer-munich\/","title":{"rendered":"Daniel Schvarcz ADVERTISING Photographer Munich"},"content":{"rendered":"\n<p><\/p>\n\n<div class=\"wp-block-getwid-content-timeline is-animated\" data-animation=\"slideInBottom\" data-filling=\"true\"><div class=\"wp-block-getwid-content-timeline__line\"><div class=\"wp-block-getwid-content-timeline__bar has-background has-black-background-color\"><\/div><\/div><div class=\"wp-block-getwid-content-timeline__wrapper\">\n<div class=\"wp-block-getwid-content-timeline-item has-card-left\"><div class=\"wp-block-getwid-content-timeline-item__wrapper\"><div class=\"wp-block-getwid-content-timeline-item__card\"><div class=\"wp-block-getwid-content-timeline-item__card-wrapper\"><div class=\"wp-block-getwid-content-timeline-item__content-wrapper\"><div class=\"wp-block-getwid-content-timeline-item__mobile-meta\"><p class=\"wp-block-getwid-content-timeline-item__meta-content\"><meta charset=\"utf-8\">Ich bin eines der seltenen Exemplare, die in M\u00fcnchen geboren und aufgewachsen sind und heute hier leben. Schon fr\u00fch fing ich Feuer f\u00fcr die Fotografie: F\u00fcr meine Eins\u00e4tze bei der Sch\u00fclerzeitung legte ich mir ein eigenes s\/w-Labor zu.<\/p><\/div>\n<h5 class=\"wp-block-heading\" id=\"h-waschechter-munchner-fotograf\"><strong>Genuine Munich Photographer<\/strong><\/h5>\n<\/div><\/div><\/div><div class=\"wp-block-getwid-content-timeline-item__point\" data-point-color=\"#000000\"><div class=\"wp-block-getwid-content-timeline-item__point-content\"><\/div><\/div><div class=\"wp-block-getwid-content-timeline-item__meta\"><p class=\"wp-block-getwid-content-timeline-item__meta-content\"><meta charset=\"utf-8\">Ich bin eines der seltenen Exemplare, die in M\u00fcnchen geboren und aufgewachsen sind und heute hier leben. Schon fr\u00fch fing ich Feuer f\u00fcr die Fotografie: F\u00fcr meine Eins\u00e4tze bei der Sch\u00fclerzeitung legte ich mir ein eigenes s\/w-Labor zu.<\/p><\/div><\/div><\/div>\n\n\n\n<div class=\"wp-block-getwid-content-timeline-item has-card-left\"><div class=\"wp-block-getwid-content-timeline-item__wrapper\"><div class=\"wp-block-getwid-content-timeline-item__card\"><div class=\"wp-block-getwid-content-timeline-item__card-wrapper\"><div class=\"wp-block-getwid-content-timeline-item__content-wrapper\"><div class=\"wp-block-getwid-content-timeline-item__mobile-meta\"><p class=\"wp-block-getwid-content-timeline-item__meta-content\"><meta charset=\"utf-8\">Nach dem Abitur studierte ich Fotografie und Digitale Medien am Hadassah Academic College in Jerusalem. W\u00e4hrend des Studiums sammelte ich erste Berufserfahrung mit Shootings f\u00fcr deutsche Tourismusmagazine.<\/p><\/div>\n<h5 class=\"wp-block-heading\" id=\"h-fotografie-studium-in-jerusalem\"><strong>PHOTOGRAPHY STUDIES IN JERUSALEM<\/strong><\/h5>\n<\/div><\/div><\/div><div class=\"wp-block-getwid-content-timeline-item__point\" data-point-color=\"#000000\"><div class=\"wp-block-getwid-content-timeline-item__point-content\"><\/div><\/div><div class=\"wp-block-getwid-content-timeline-item__meta\"><p class=\"wp-block-getwid-content-timeline-item__meta-content\"><meta charset=\"utf-8\">Nach dem Abitur studierte ich Fotografie und Digitale Medien am Hadassah Academic College in Jerusalem. W\u00e4hrend des Studiums sammelte ich erste Berufserfahrung mit Shootings f\u00fcr deutsche Tourismusmagazine.<\/p><\/div><\/div><\/div>\n\n\n\n<div class=\"wp-block-getwid-content-timeline-item\"><div class=\"wp-block-getwid-content-timeline-item__wrapper\"><div class=\"wp-block-getwid-content-timeline-item__card\"><div class=\"wp-block-getwid-content-timeline-item__card-wrapper\"><div class=\"wp-block-getwid-content-timeline-item__content-wrapper\"><div class=\"wp-block-getwid-content-timeline-item__mobile-meta\"><p class=\"wp-block-getwid-content-timeline-item__meta-content\"><meta charset=\"utf-8\">Mit dem Diplom in der Tasche zog es mich im Jahr 2002 nach Berlin. Vier Jahre sollte meine Assistenzzeit als Fotograf dort dauern. Eine Zeit, in der ich meine Praxis vervollkommnet und zahlreiche freie Auftr\u00e4ge erhalten habe, oft auch auf Empfehlung.<\/p><\/div>\n<h5 class=\"wp-block-heading\" id=\"h-assistenzzeit-in-berlin\"><strong>ASSISTANTSHIP IN BERLIN<\/strong><\/h5>\n<\/div><\/div><\/div><div class=\"wp-block-getwid-content-timeline-item__point\" data-point-color=\"#000000\"><div class=\"wp-block-getwid-content-timeline-item__point-content\"><\/div><\/div><div class=\"wp-block-getwid-content-timeline-item__meta\"><p class=\"wp-block-getwid-content-timeline-item__meta-content\"><meta charset=\"utf-8\">Mit dem Diplom in der Tasche zog es mich im Jahr 2002 nach Berlin. Vier Jahre sollte meine Assistenzzeit als Fotograf dort dauern. Eine Zeit, in der ich meine Praxis vervollkommnet und zahlreiche freie Auftr\u00e4ge erhalten habe, oft auch auf Empfehlung.<\/p><\/div><\/div><\/div>\n\n\n\n<div class=\"wp-block-getwid-content-timeline-item has-card-left\"><div class=\"wp-block-getwid-content-timeline-item__wrapper\"><div class=\"wp-block-getwid-content-timeline-item__card\"><div class=\"wp-block-getwid-content-timeline-item__card-wrapper\"><div class=\"wp-block-getwid-content-timeline-item__content-wrapper\"><div class=\"wp-block-getwid-content-timeline-item__mobile-meta\"><p class=\"wp-block-getwid-content-timeline-item__meta-content\">Das best\u00e4rkte mich in dem Plan, mich selbst\u00e4ndig zu machen \u2013 in meiner Heimatstadt M\u00fcnchen. Seit 2015 befindet sich mein <a href=\"https:\/\/www.d-s-photo.com\/en\/services\/\">Atelier<\/a> nun im M\u00fcnchner G\u00e4rtnerplatzviertel. Ich liebe diese zentrale Lage dicht am Viktualienmarkt, denn hier ist der Pulsschlag der Stadt intensiv, was sowohl mich als auch meine <a href=\"https:\/\/www.d-s-photo.com\/en\/clients\/\">Kunden<\/a> inspiriert. In meinem Studio realisiere ich zahlreiche Shootings oder bin bei Kunden vor Ort, vor allem in M\u00fcnchen und im M\u00fcnchner Umland.<\/p><\/div>\n<h5 class=\"wp-block-heading\" id=\"h-fotostudio-im-herzen-der-munchner-city-spezialisierung-auf-b2b-fotografie\"><strong>Photo Studio in the Heart of Munich City.<br\/>SPECIALIZATION IN B2B PHOTOGRAPHY<\/strong><\/h5>\n<\/div><\/div><\/div><div class=\"wp-block-getwid-content-timeline-item__point\" data-point-color=\"#000000\"><div class=\"wp-block-getwid-content-timeline-item__point-content\"><\/div><\/div><div class=\"wp-block-getwid-content-timeline-item__meta\"><p class=\"wp-block-getwid-content-timeline-item__meta-content\">Das best\u00e4rkte mich in dem Plan, mich selbst\u00e4ndig zu machen \u2013 in meiner Heimatstadt M\u00fcnchen. Seit 2015 befindet sich mein <a href=\"https:\/\/www.d-s-photo.com\/en\/services\/\">Atelier<\/a> nun im M\u00fcnchner G\u00e4rtnerplatzviertel. Ich liebe diese zentrale Lage dicht am Viktualienmarkt, denn hier ist der Pulsschlag der Stadt intensiv, was sowohl mich als auch meine <a href=\"https:\/\/www.d-s-photo.com\/en\/clients\/\">Kunden<\/a> inspiriert. In meinem Studio realisiere ich zahlreiche Shootings oder bin bei Kunden vor Ort, vor allem in M\u00fcnchen und im M\u00fcnchner Umland.<\/p><\/div><\/div><\/div>\n<\/div><\/div>\n\n<div style=\"height:30px\" aria-hidden=\"true\" class=\"wp-block-spacer\"><\/div>\n\n<h4 class=\"wp-block-heading\" id=\"h-meine-philosophie\"><strong>My Philosophy<\/strong><\/h4>\n\n<p>Photography is my calling and a lived passion. In consultation with my clients, I first develop the concept, visual language, and style for the upcoming shoot. Optimal photographic results are then achieved through a combination of technical perfection and an artistic eye. Professionalism and reliability are indispensable values for me. Over 20 years of professional experience have led to many long-standing collaborations with my clients and business partners.    <\/p>\n\n<h4 class=\"wp-block-heading\"><br\/><br\/><strong>My Services as an ADVERTISING Photographer in Munich<\/strong> <\/h4>\n\n<p>As an advertising photographer with over 20 years of experience, I offer a broad portfolio of photographic and cinematic services that put your company in the best light. Whether <a href=\"https:\/\/www.d-s-photo.com\/en\/services\/corporate-photography-munich\/\">Corporate Photography<\/a>, <a href=\"https:\/\/www.d-s-photo.com\/en\/services\/product-photography-munich\/\">Product Photography<\/a>, <a href=\"https:\/\/www.d-s-photo.com\/en\/services\/food-photography-munich\/\">Food Photography<\/a>, or <a href=\"https:\/\/www.d-s-photo.com\/en\/services\/videographer-munich\/\">Image Videos<\/a> \u2013 my aim is to evoke emotions and sustainably strengthen your brand. In close collaboration, we develop tailor-made solutions that take your corporate design and target audience into account. From precise <g id=\"gid_4\">Architectural Photography<\/g> to compelling <g id=\"gid_5\">E-commerce Videos<\/g>, I support you in presenting your products and services at the highest level. Be inspired \u2013 view my portfolio!    <\/p>\n\n<hr class=\"wp-block-separator has-alpha-channel-opacity\"\/>\n\n<div style=\"height:10px\" aria-hidden=\"true\" class=\"wp-block-spacer\"><\/div>\n<div class=\"wp-bootstrap-blocks-row row justify-content-center align-items-center\">\n\t\n\n<div class=\"col-12 col-md-12\">\n\t\t\t\n\n<figure class=\"wp-block-video aligncenter\"><video height=\"1080\" style=\"aspect-ratio: 1920 \/ 1080;\" width=\"1920\" controls=\"\" poster=\"https:\/\/www.d-s-photo.com\/wp-content\/uploads\/2024\/01\/Bildschirmfoto-2024-01-24-um-14.57.22.png\" src=\"https:\/\/www.d-s-photo.com\/wp-content\/uploads\/2023\/03\/DS-Photo_Reel_BayerischerHof.mp4\"><\/video><\/figure>\n\n\t<\/div>\n\n<\/div>\n\n<div style=\"height:10px\" aria-hidden=\"true\" class=\"wp-block-spacer\"><\/div>\n\n<figure class=\"wp-block-video aligncenter\"><video height=\"1080\" style=\"aspect-ratio: 1920 \/ 1080;\" width=\"1920\" controls=\"\" poster=\"https:\/\/www.d-s-photo.com\/wp-content\/uploads\/2023\/03\/Bildschirm&#xAD;foto-2023-03-27-um-15.07.11.png\" src=\"https:\/\/www.d-s-photo.com\/wp-content\/uploads\/2023\/03\/kagerer_reel.mp4\"><\/video><\/figure>\n\n<div style=\"height:10px\" aria-hidden=\"true\" class=\"wp-block-spacer\"><\/div>\n\n<div style=\"height:10px\" aria-hidden=\"true\" class=\"wp-block-spacer\"><\/div>\n\n<figure class=\"wp-block-video aligncenter\"><video height=\"1080\" style=\"aspect-ratio: 1920 \/ 1080;\" width=\"1920\" controls=\"\" poster=\"https:\/\/www.d-s-photo.com\/wp-content\/uploads\/2023\/03\/Bildschirm&#xAD;foto-2023-03-27-um-15.08.10.png\" src=\"https:\/\/www.d-s-photo.com\/wp-content\/uploads\/2023\/03\/sweco_reel.mp4\"><\/video><\/figure>\n\n<div style=\"height:10px\" aria-hidden=\"true\" class=\"wp-block-spacer\"><\/div>\n","protected":false},"excerpt":{"rendered":"<p>My Philosophy Photography is my calling and a lived passion. In consultation with my clients, I first develop the concept, [&#8230;]<\/p>\n","protected":false},"author":1,"featured_media":0,"parent":0,"menu_order":0,"comment_status":"closed","ping_status":"closed","template":"","meta":{"footnotes":""},"class_list":["post-15006","page","type-page","status-publish","hentry"],"yoast_head":"<!-- This site is optimized with the Yoast SEO plugin v27.5 - https:\/\/yoast.com\/product\/yoast-seo-wordpress\/ -->\n<title>Advertising Photographer in Munich: Daniel Schvarcz<\/title>\n<meta name=\"description\" content=\"Advertising Photographer from Munich: Daniel Schvarcz offers professional photography for your brand. Perfect images and videos for your advertising!\" \/>\n<meta name=\"robots\" content=\"index, follow, max-snippet:-1, max-image-preview:large, max-video-preview:-1\" \/>\n<link rel=\"canonical\" href=\"https:\/\/www.d-s-photo.com\/en\/daniel-schvarcz-advertising-photographer-munich\/\" \/>\n<meta property=\"og:locale\" content=\"en_US\" \/>\n<meta property=\"og:type\" content=\"article\" \/>\n<meta property=\"og:title\" content=\"Advertising Photographer in Munich: Daniel Schvarcz\" \/>\n<meta property=\"og:description\" content=\"Advertising Photographer from Munich: Daniel Schvarcz offers professional photography for your brand. Perfect images and videos for your advertising!\" \/>\n<meta property=\"og:url\" content=\"https:\/\/www.d-s-photo.com\/en\/daniel-schvarcz-advertising-photographer-munich\/\" \/>\n<meta property=\"og:site_name\" content=\"Daniel Schvarcz Fotograf\" \/>\n<meta property=\"article:publisher\" content=\"https:\/\/www.facebook.com\/danielschvarczphotography\" \/>\n<meta property=\"article:modified_time\" content=\"2025-11-13T08:51:51+00:00\" \/>\n<meta name=\"twitter:card\" content=\"summary_large_image\" \/>\n<meta name=\"twitter:label1\" content=\"Est. reading time\" \/>\n\t<meta name=\"twitter:data1\" content=\"3 minutes\" \/>\n<script type=\"application\/ld+json\" class=\"yoast-schema-graph\">{\"@context\":\"https:\\\/\\\/schema.org\",\"@graph\":[{\"@type\":\"WebPage\",\"@id\":\"https:\\\/\\\/www.d-s-photo.com\\\/en\\\/daniel-schvarcz-advertising-photographer-munich\\\/\",\"url\":\"https:\\\/\\\/www.d-s-photo.com\\\/en\\\/daniel-schvarcz-advertising-photographer-munich\\\/\",\"name\":\"Advertising Photographer in Munich: Daniel Schvarcz\",\"isPartOf\":{\"@id\":\"https:\\\/\\\/www.d-s-photo.com\\\/en\\\/#website\"},\"datePublished\":\"2016-01-19T10:01:57+00:00\",\"dateModified\":\"2025-11-13T08:51:51+00:00\",\"description\":\"Advertising Photographer from Munich: Daniel Schvarcz offers professional photography for your brand. Perfect images and videos for your advertising!\",\"breadcrumb\":{\"@id\":\"https:\\\/\\\/www.d-s-photo.com\\\/en\\\/daniel-schvarcz-advertising-photographer-munich\\\/#breadcrumb\"},\"inLanguage\":\"en-US\",\"potentialAction\":[{\"@type\":\"ReadAction\",\"target\":[\"https:\\\/\\\/www.d-s-photo.com\\\/en\\\/daniel-schvarcz-advertising-photographer-munich\\\/\"]}]},{\"@type\":\"BreadcrumbList\",\"@id\":\"https:\\\/\\\/www.d-s-photo.com\\\/en\\\/daniel-schvarcz-advertising-photographer-munich\\\/#breadcrumb\",\"itemListElement\":[{\"@type\":\"ListItem\",\"position\":1,\"name\":\"Startseite\",\"item\":\"https:\\\/\\\/www.d-s-photo.com\\\/en\\\/\"},{\"@type\":\"ListItem\",\"position\":2,\"name\":\"Daniel Schvarcz ADVERTISING Photographer Munich\"}]},{\"@type\":\"WebSite\",\"@id\":\"https:\\\/\\\/www.d-s-photo.com\\\/en\\\/#website\",\"url\":\"https:\\\/\\\/www.d-s-photo.com\\\/en\\\/\",\"name\":\"Daniel Schvarcz Fotograf\",\"description\":\"Meine Schwerpunkte als Fotograf sind Architektur, Hotellerie, Food, Industrie, Business und Produkt Fotografie sowie klassische Werbefotografie.  \u00dcber die gesamte Bandbreite meiner Leistungen biete ich beste fotografische Qualit\u00e4t, abgestimmte Prozesse, exakte Timings und faire Konditionen. Eben ein professionelles Gesamtpaket f\u00fcr fotografische Herausforderungen im Bereich B2B.  Lassen Sie sich durch die Galerie inspirieren und unter 089-12190403 von mir direkt beraten.\",\"publisher\":{\"@id\":\"https:\\\/\\\/www.d-s-photo.com\\\/en\\\/#organization\"},\"potentialAction\":[{\"@type\":\"SearchAction\",\"target\":{\"@type\":\"EntryPoint\",\"urlTemplate\":\"https:\\\/\\\/www.d-s-photo.com\\\/en\\\/?s={search_term_string}\"},\"query-input\":{\"@type\":\"PropertyValueSpecification\",\"valueRequired\":true,\"valueName\":\"search_term_string\"}}],\"inLanguage\":\"en-US\"},{\"@type\":\"Organization\",\"@id\":\"https:\\\/\\\/www.d-s-photo.com\\\/en\\\/#organization\",\"name\":\"Daniel Schvarcz Photographie\",\"url\":\"https:\\\/\\\/www.d-s-photo.com\\\/en\\\/\",\"logo\":{\"@type\":\"ImageObject\",\"inLanguage\":\"en-US\",\"@id\":\"https:\\\/\\\/www.d-s-photo.com\\\/en\\\/#\\\/schema\\\/logo\\\/image\\\/\",\"url\":\"https:\\\/\\\/www.d-s-photo.com\\\/wp-content\\\/uploads\\\/2021\\\/12\\\/DS_Logo_2021.svg\",\"contentUrl\":\"https:\\\/\\\/www.d-s-photo.com\\\/wp-content\\\/uploads\\\/2021\\\/12\\\/DS_Logo_2021.svg\",\"width\":1,\"height\":1,\"caption\":\"Daniel Schvarcz Photographie\"},\"image\":{\"@id\":\"https:\\\/\\\/www.d-s-photo.com\\\/en\\\/#\\\/schema\\\/logo\\\/image\\\/\"},\"sameAs\":[\"https:\\\/\\\/www.facebook.com\\\/danielschvarczphotography\",\"https:\\\/\\\/www.instagram.com\\\/daniel.schvarcz.photography\\\/\",\"https:\\\/\\\/www.linkedin.com\\\/in\\\/daniel-schvarcz-99376018a\\\/\",\"https:\\\/\\\/www.youtube.com\\\/channel\\\/UCE5Ov4Zvczhte1ky-pDCJtw\"]}]}<\/script>\n<!-- \/ Yoast SEO plugin. -->","yoast_head_json":{"title":"Advertising Photographer in Munich: Daniel Schvarcz","description":"Advertising Photographer from Munich: Daniel Schvarcz offers professional photography for your brand. Perfect images and videos for your advertising!","robots":{"index":"index","follow":"follow","max-snippet":"max-snippet:-1","max-image-preview":"max-image-preview:large","max-video-preview":"max-video-preview:-1"},"canonical":"https:\/\/www.d-s-photo.com\/en\/daniel-schvarcz-advertising-photographer-munich\/","og_locale":"en_US","og_type":"article","og_title":"Advertising Photographer in Munich: Daniel Schvarcz","og_description":"Advertising Photographer from Munich: Daniel Schvarcz offers professional photography for your brand. Perfect images and videos for your advertising!","og_url":"https:\/\/www.d-s-photo.com\/en\/daniel-schvarcz-advertising-photographer-munich\/","og_site_name":"Daniel Schvarcz Fotograf","article_publisher":"https:\/\/www.facebook.com\/danielschvarczphotography","article_modified_time":"2025-11-13T08:51:51+00:00","twitter_card":"summary_large_image","twitter_misc":{"Est. reading time":"3 minutes"},"schema":{"@context":"https:\/\/schema.org","@graph":[{"@type":"WebPage","@id":"https:\/\/www.d-s-photo.com\/en\/daniel-schvarcz-advertising-photographer-munich\/","url":"https:\/\/www.d-s-photo.com\/en\/daniel-schvarcz-advertising-photographer-munich\/","name":"Advertising Photographer in Munich: Daniel Schvarcz","isPartOf":{"@id":"https:\/\/www.d-s-photo.com\/en\/#website"},"datePublished":"2016-01-19T10:01:57+00:00","dateModified":"2025-11-13T08:51:51+00:00","description":"Advertising Photographer from Munich: Daniel Schvarcz offers professional photography for your brand. Perfect images and videos for your advertising!","breadcrumb":{"@id":"https:\/\/www.d-s-photo.com\/en\/daniel-schvarcz-advertising-photographer-munich\/#breadcrumb"},"inLanguage":"en-US","potentialAction":[{"@type":"ReadAction","target":["https:\/\/www.d-s-photo.com\/en\/daniel-schvarcz-advertising-photographer-munich\/"]}]},{"@type":"BreadcrumbList","@id":"https:\/\/www.d-s-photo.com\/en\/daniel-schvarcz-advertising-photographer-munich\/#breadcrumb","itemListElement":[{"@type":"ListItem","position":1,"name":"Startseite","item":"https:\/\/www.d-s-photo.com\/en\/"},{"@type":"ListItem","position":2,"name":"Daniel Schvarcz ADVERTISING Photographer Munich"}]},{"@type":"WebSite","@id":"https:\/\/www.d-s-photo.com\/en\/#website","url":"https:\/\/www.d-s-photo.com\/en\/","name":"Daniel Schvarcz Fotograf","description":"Meine Schwerpunkte als Fotograf sind Architektur, Hotellerie, Food, Industrie, Business und Produkt Fotografie sowie klassische Werbefotografie.  \u00dcber die gesamte Bandbreite meiner Leistungen biete ich beste fotografische Qualit\u00e4t, abgestimmte Prozesse, exakte Timings und faire Konditionen. Eben ein professionelles Gesamtpaket f\u00fcr fotografische Herausforderungen im Bereich B2B.  Lassen Sie sich durch die Galerie inspirieren und unter 089-12190403 von mir direkt beraten.","publisher":{"@id":"https:\/\/www.d-s-photo.com\/en\/#organization"},"potentialAction":[{"@type":"SearchAction","target":{"@type":"EntryPoint","urlTemplate":"https:\/\/www.d-s-photo.com\/en\/?s={search_term_string}"},"query-input":{"@type":"PropertyValueSpecification","valueRequired":true,"valueName":"search_term_string"}}],"inLanguage":"en-US"},{"@type":"Organization","@id":"https:\/\/www.d-s-photo.com\/en\/#organization","name":"Daniel Schvarcz Photographie","url":"https:\/\/www.d-s-photo.com\/en\/","logo":{"@type":"ImageObject","inLanguage":"en-US","@id":"https:\/\/www.d-s-photo.com\/en\/#\/schema\/logo\/image\/","url":"https:\/\/www.d-s-photo.com\/wp-content\/uploads\/2021\/12\/DS_Logo_2021.svg","contentUrl":"https:\/\/www.d-s-photo.com\/wp-content\/uploads\/2021\/12\/DS_Logo_2021.svg","width":1,"height":1,"caption":"Daniel Schvarcz Photographie"},"image":{"@id":"https:\/\/www.d-s-photo.com\/en\/#\/schema\/logo\/image\/"},"sameAs":["https:\/\/www.facebook.com\/danielschvarczphotography","https:\/\/www.instagram.com\/daniel.schvarcz.photography\/","https:\/\/www.linkedin.com\/in\/daniel-schvarcz-99376018a\/","https:\/\/www.youtube.com\/channel\/UCE5Ov4Zvczhte1ky-pDCJtw"]}]}},"_links":{"self":[{"href":"https:\/\/www.d-s-photo.com\/en\/wp-json\/wp\/v2\/pages\/15006","targetHints":{"allow":["GET"]}}],"collection":[{"href":"https:\/\/www.d-s-photo.com\/en\/wp-json\/wp\/v2\/pages"}],"about":[{"href":"https:\/\/www.d-s-photo.com\/en\/wp-json\/wp\/v2\/types\/page"}],"author":[{"embeddable":true,"href":"https:\/\/www.d-s-photo.com\/en\/wp-json\/wp\/v2\/users\/1"}],"replies":[{"embeddable":true,"href":"https:\/\/www.d-s-photo.com\/en\/wp-json\/wp\/v2\/comments?post=15006"}],"version-history":[{"count":2,"href":"https:\/\/www.d-s-photo.com\/en\/wp-json\/wp\/v2\/pages\/15006\/revisions"}],"predecessor-version":[{"id":15239,"href":"https:\/\/www.d-s-photo.com\/en\/wp-json\/wp\/v2\/pages\/15006\/revisions\/15239"}],"wp:attachment":[{"href":"https:\/\/www.d-s-photo.com\/en\/wp-json\/wp\/v2\/media?parent=15006"}],"curies":[{"name":"wp","href":"https:\/\/api.w.org\/{rel}","templated":true}]}}